{"id":771,"date":"2025-03-10T09:15:05","date_gmt":"2025-03-10T09:15:05","guid":{"rendered":"https:\/\/www.testdb.chesscoders.com\/?page_id=771"},"modified":"2025-03-10T09:17:14","modified_gmt":"2025-03-10T09:17:14","slug":"articole","status":"publish","type":"page","link":"https:\/\/www.testdb.chesscoders.com\/en\/articole\/","title":{"rendered":"Articles"},"content":{"rendered":"<div data-elementor-type=\"wp-page\" data-elementor-id=\"771\" class=\"elementor elementor-771\" data-elementor-settings=\"{&quot;element_pack_global_tooltip_width&quot;:{&quot;unit&quot;:&quot;px&quot;,&quot;size&quot;:&quot;&quot;,&quot;sizes&quot;:[]},&quot;element_pack_global_tooltip_width_tablet&quot;:{&quot;unit&quot;:&quot;px&quot;,&quot;size&quot;:&quot;&quot;,&quot;sizes&quot;:[]},&quot;element_pack_global_tooltip_width_mobile&quot;:{&quot;unit&quot;:&quot;px&quot;,&quot;size&quot;:&quot;&quot;,&quot;sizes&quot;:[]},&quot;element_pack_global_tooltip_padding&quot;:{&quot;unit&quot;:&quot;px&quot;,&quot;top&quot;:&quot;&quot;,&quot;right&quot;:&quot;&quot;,&quot;bottom&quot;:&quot;&quot;,&quot;left&quot;:&quot;&quot;,&quot;isLinked&quot;:true},&quot;element_pack_global_tooltip_padding_tablet&quot;:{&quot;unit&quot;:&quot;px&quot;,&quot;top&quot;:&quot;&quot;,&quot;right&quot;:&quot;&quot;,&quot;bottom&quot;:&quot;&quot;,&quot;left&quot;:&quot;&quot;,&quot;isLinked&quot;:true},&quot;element_pack_global_tooltip_padding_mobile&quot;:{&quot;unit&quot;:&quot;px&quot;,&quot;top&quot;:&quot;&quot;,&quot;right&quot;:&quot;&quot;,&quot;bottom&quot;:&quot;&quot;,&quot;left&quot;:&quot;&quot;,&quot;isLinked&quot;:true},&quot;element_pack_global_tooltip_border_radius&quot;:{&quot;unit&quot;:&quot;px&quot;,&quot;top&quot;:&quot;&quot;,&quot;right&quot;:&quot;&quot;,&quot;bottom&quot;:&quot;&quot;,&quot;left&quot;:&quot;&quot;,&quot;isLinked&quot;:true},&quot;element_pack_global_tooltip_border_radius_tablet&quot;:{&quot;unit&quot;:&quot;px&quot;,&quot;top&quot;:&quot;&quot;,&quot;right&quot;:&quot;&quot;,&quot;bottom&quot;:&quot;&quot;,&quot;left&quot;:&quot;&quot;,&quot;isLinked&quot;:true},&quot;element_pack_global_tooltip_border_radius_mobile&quot;:{&quot;unit&quot;:&quot;px&quot;,&quot;top&quot;:&quot;&quot;,&quot;right&quot;:&quot;&quot;,&quot;bottom&quot;:&quot;&quot;,&quot;left&quot;:&quot;&quot;,&quot;isLinked&quot;:true}}\" data-elementor-post-type=\"page\">\n\t\t\t\t<div class=\"elementor-element elementor-element-ab1532e e-flex e-con-boxed e-con e-parent\" data-id=\"ab1532e\" data-element_type=\"container\" data-settings=\"{&quot;background_background&quot;:&quot;classic&quot;}\">\n\t\t\t\t\t<div class=\"e-con-inner\">\n\t\t\t\t<div class=\"elementor-element elementor-element-163ea66 elementor-widget elementor-widget-bdt-post-title\" data-id=\"163ea66\" data-element_type=\"widget\" data-widget_type=\"bdt-post-title.default\">\n\t\t\t\t<div class=\"elementor-widget-container\">\n\t\t\t\t\t<h2><span class=\"ep-post-title-text\">Articles<\/span><\/h2>\t\t\t\t<\/div>\n\t\t\t\t<\/div>\n\t\t\t\t\t<\/div>\n\t\t\t\t<\/div>\n\t\t<div class=\"elementor-element elementor-element-221ba2e e-flex e-con-boxed e-con e-parent\" data-id=\"221ba2e\" data-element_type=\"container\">\n\t\t\t\t\t<div class=\"e-con-inner\">\n\t\t\t\t<div class=\"elementor-element elementor-element-6c359f4 ui-e-apg-split no ui-e-img-anim-zoom elementor-widget elementor-widget-uicore-advanced-post-grid\" data-id=\"6c359f4\" data-element_type=\"widget\" data-settings=\"{&quot;animate_items&quot;:&quot;ui-e-grid-animate&quot;,&quot;masonry&quot;:&quot;no&quot;,&quot;animate_item_type&quot;:&quot;fadeInUp&quot;}\" data-widget_type=\"uicore-advanced-post-grid.default\">\n\t\t\t\t<div class=\"elementor-widget-container\">\n\t\t\t\t\t                <div class=\"ui-e-adv-grid\">\n                    \n            <div class=\"ui-e-post-item ui-e-item ui-e-animations-wrp elementor-invisible\">\n                <article class=\"post-729 post type-post status-publish format-standard has-post-thumbnail hentry category-stiri\">\n                    <div class=\"ui-e-post-top\">\n                                    <a class=\"ui-e-post-img-wrapp\"\n               href=\"https:\/\/www.testdb.chesscoders.com\/en\/2025\/02\/28\/euclid-follow-up-primele-imagini\/\"\n               title=\"View Post:Euclid follow-up: primele imagini\">\n\n                                    <div class=\"ui-e-post-img\" style=\"background-image:url(https:\/\/www.testdb.chesscoders.com\/wp-content\/uploads\/2025\/02\/Euclid_early_commissioning_test_images_pillars-1024x576-1.png)\"><\/div>\n                            <\/a>\n                                                    <\/div>\n                    <div class=\"ui-e-post-content\">\n                        <div class=\"ui-e-post-meta ui-e-before_title\"><div class=\"ui-e-meta-item\"><a href=\"https:\/\/www.testdb.chesscoders.com\/en\/category\/stiri\/\" title=\"View Stiri posts\">News<\/a><\/div><\/div>                                    <a href=\"https:\/\/www.testdb.chesscoders.com\/en\/2025\/02\/28\/euclid-follow-up-primele-imagini\/\" title=\"View Post:Euclid follow-up: primele imagini\">\n                <h4 class=\"ui-e-post-title\"><span>Euclid follow-up: first images<\/span><\/h4>\n            <\/a>\n                                                        <div class=\"ui-e-post-text\">The Institute of Space Sciences shares the satisfaction of the first images sent by the Euclid space telescope, shortly after its launch in [\u2026]<\/div>                                                            <a href=\"https:\/\/www.testdb.chesscoders.com\/en\/2025\/02\/28\/euclid-follow-up-primele-imagini\/\" class=\"elementor-button-link elementor-button ui-e-readmore\" role=\"button\">\n                <span class=\"elementor-button-content-wrapper elementor-button-content\"><span class=\"elementor-button-icon elementor-align-icon-row-reverse\"><svg aria-hidden=\"true\" class=\"e-font-icon-svg e-fas-chevron-right\" viewbox=\"0 0 320 512\" xmlns=\"http:\/\/www.w3.org\/2000\/svg\"><path d=\"M285.476 272.971L91.132 467.314c-9.373 9.373-24.569 9.373-33.941 0l-22.667-22.667c-9.357-9.357-9.375-24.522-.04-33.901L188.505 256 34.484 101.255c-9.335-9.379-9.317-24.544.04-33.901l22.667-22.667c9.373-9.373 24.569-9.373 33.941 0L285.475 239.03c9.373 9.372 9.373 24.568.001 33.941z\"><\/path><\/svg><\/span><span class=\"elementor-button-text\">Read more<\/span> <\/span>            <\/a>\n                            <\/div>\n                <\/article>\n            <\/div>\n\n        \n            <div class=\"ui-e-post-item ui-e-item ui-e-animations-wrp elementor-invisible\">\n                <article class=\"post-728 post type-post status-publish format-standard has-post-thumbnail hentry category-stiri\">\n                    <div class=\"ui-e-post-top\">\n                                    <a class=\"ui-e-post-img-wrapp\"\n               href=\"https:\/\/www.testdb.chesscoders.com\/en\/2025\/02\/28\/publicarea-datelor-deschise-ale-observatorului-pierre-auger-privind-razele-cosmice-de-cea-mai-inalta-energie\/\"\n               title=\"View Post:Publicarea Datelor Deschise ale Observatorului Pierre Auger privind razele cosmice de cea mai \u00eenalt\u0103 energie\">\n\n                                    <div class=\"ui-e-post-img\" style=\"background-image:url(https:\/\/www.testdb.chesscoders.com\/wp-content\/uploads\/2025\/02\/21948576246_71658d59d9_o-1024x467-1.jpg)\"><\/div>\n                            <\/a>\n                                                    <\/div>\n                    <div class=\"ui-e-post-content\">\n                        <div class=\"ui-e-post-meta ui-e-before_title\"><div class=\"ui-e-meta-item\"><a href=\"https:\/\/www.testdb.chesscoders.com\/en\/category\/stiri\/\" title=\"View Stiri posts\">News<\/a><\/div><\/div>                                    <a href=\"https:\/\/www.testdb.chesscoders.com\/en\/2025\/02\/28\/publicarea-datelor-deschise-ale-observatorului-pierre-auger-privind-razele-cosmice-de-cea-mai-inalta-energie\/\" title=\"View Post:Publicarea Datelor Deschise ale Observatorului Pierre Auger privind razele cosmice de cea mai \u00eenalt\u0103 energie\">\n                <h4 class=\"ui-e-post-title\"><span>Pierre Auger Observatory Open Data Publication on the Highest Energy Cosmic Rays<\/span><\/h4>\n            <\/a>\n                                                        <div class=\"ui-e-post-text\">The Pierre Auger Observatory is publishing 10% of the data recorded using the world's largest cosmic ray detector. These data are made [\u2026]<\/div>                                                            <a href=\"https:\/\/www.testdb.chesscoders.com\/en\/2025\/02\/28\/publicarea-datelor-deschise-ale-observatorului-pierre-auger-privind-razele-cosmice-de-cea-mai-inalta-energie\/\" class=\"elementor-button-link elementor-button ui-e-readmore\" role=\"button\">\n                <span class=\"elementor-button-content-wrapper elementor-button-content\"><span class=\"elementor-button-icon elementor-align-icon-row-reverse\"><svg aria-hidden=\"true\" class=\"e-font-icon-svg e-fas-chevron-right\" viewbox=\"0 0 320 512\" xmlns=\"http:\/\/www.w3.org\/2000\/svg\"><path d=\"M285.476 272.971L91.132 467.314c-9.373 9.373-24.569 9.373-33.941 0l-22.667-22.667c-9.357-9.357-9.375-24.522-.04-33.901L188.505 256 34.484 101.255c-9.335-9.379-9.317-24.544.04-33.901l22.667-22.667c9.373-9.373 24.569-9.373 33.941 0L285.475 239.03c9.373 9.372 9.373 24.568.001 33.941z\"><\/path><\/svg><\/span><span class=\"elementor-button-text\">Read more<\/span> <\/span>            <\/a>\n                            <\/div>\n                <\/article>\n            <\/div>\n\n        \n            <div class=\"ui-e-post-item ui-e-item ui-e-animations-wrp elementor-invisible\">\n                <article class=\"post-727 post type-post status-publish format-standard has-post-thumbnail hentry category-stiri\">\n                    <div class=\"ui-e-post-top\">\n                                    <a class=\"ui-e-post-img-wrapp\"\n               href=\"https:\/\/www.testdb.chesscoders.com\/en\/2025\/02\/28\/observatorul-pierre-auger-continua-activitatea-pana-in-2035\/\"\n               title=\"View Post:Observatorul Pierre Auger continu\u0103 activitatea p\u00e2na \u00een 2035\">\n\n                                    <div class=\"ui-e-post-img\" style=\"background-image:url(https:\/\/www.testdb.chesscoders.com\/wp-content\/uploads\/2025\/02\/466974430_870595038577489_5074973359109734439_n-1024x681.jpg)\"><\/div>\n                            <\/a>\n                                                    <\/div>\n                    <div class=\"ui-e-post-content\">\n                        <div class=\"ui-e-post-meta ui-e-before_title\"><div class=\"ui-e-meta-item\"><a href=\"https:\/\/www.testdb.chesscoders.com\/en\/category\/stiri\/\" title=\"View Stiri posts\">News<\/a><\/div><\/div>                                    <a href=\"https:\/\/www.testdb.chesscoders.com\/en\/2025\/02\/28\/observatorul-pierre-auger-continua-activitatea-pana-in-2035\/\" title=\"View Post:Observatorul Pierre Auger continu\u0103 activitatea p\u00e2na \u00een 2035\">\n                <h4 class=\"ui-e-post-title\"><span>Pierre Auger Observatory to continue operations until 2035<\/span><\/h4>\n            <\/a>\n                                                        <div class=\"ui-e-post-text\">The Pierre Auger Observatory, an example of cooperation in science and technology, involving over 400 scientists from 17 countries, including Romania, confirms the extension of its activity until 2035. The experiment [\u2026]<\/div>                                                            <a href=\"https:\/\/www.testdb.chesscoders.com\/en\/2025\/02\/28\/observatorul-pierre-auger-continua-activitatea-pana-in-2035\/\" class=\"elementor-button-link elementor-button ui-e-readmore\" role=\"button\">\n                <span class=\"elementor-button-content-wrapper elementor-button-content\"><span class=\"elementor-button-icon elementor-align-icon-row-reverse\"><svg aria-hidden=\"true\" class=\"e-font-icon-svg e-fas-chevron-right\" viewbox=\"0 0 320 512\" xmlns=\"http:\/\/www.w3.org\/2000\/svg\"><path d=\"M285.476 272.971L91.132 467.314c-9.373 9.373-24.569 9.373-33.941 0l-22.667-22.667c-9.357-9.357-9.375-24.522-.04-33.901L188.505 256 34.484 101.255c-9.335-9.379-9.317-24.544.04-33.901l22.667-22.667c9.373-9.373 24.569-9.373 33.941 0L285.475 239.03c9.373 9.372 9.373 24.568.001 33.941z\"><\/path><\/svg><\/span><span class=\"elementor-button-text\">Read more<\/span> <\/span>            <\/a>\n                            <\/div>\n                <\/article>\n            <\/div>\n\n                        <\/div>\n            \t\t\t\t<\/div>\n\t\t\t\t<\/div>\n\t\t\t\t\t<\/div>\n\t\t\t\t<\/div>\n\t\t\t\t<\/div>","protected":false},"excerpt":{"rendered":"<p>Articole Stiri Euclid follow-up: primele imagini Institutul de \u0218tiin\u021be Spa\u021biale \u00eemp\u0103rt\u0103\u0219e\u0219te satisfac\u021bia primelor imagini trimise de c\u0103tre telescopul spa\u021bial Euclid, la pu\u021bin [&hellip;]<\/p>","protected":false},"author":2,"featured_media":0,"parent":0,"menu_order":0,"comment_status":"closed","ping_status":"closed","template":"","meta":{"_acf_changed":false,"footnotes":""},"class_list":["post-771","page","type-page","status-publish","hentry"],"acf":[],"_links":{"self":[{"href":"https:\/\/www.testdb.chesscoders.com\/en\/wp-json\/wp\/v2\/pages\/771","targetHints":{"allow":["GET"]}}],"collection":[{"href":"https:\/\/www.testdb.chesscoders.com\/en\/wp-json\/wp\/v2\/pages"}],"about":[{"href":"https:\/\/www.testdb.chesscoders.com\/en\/wp-json\/wp\/v2\/types\/page"}],"author":[{"embeddable":true,"href":"https:\/\/www.testdb.chesscoders.com\/en\/wp-json\/wp\/v2\/users\/2"}],"replies":[{"embeddable":true,"href":"https:\/\/www.testdb.chesscoders.com\/en\/wp-json\/wp\/v2\/comments?post=771"}],"version-history":[{"count":0,"href":"https:\/\/www.testdb.chesscoders.com\/en\/wp-json\/wp\/v2\/pages\/771\/revisions"}],"wp:attachment":[{"href":"https:\/\/www.testdb.chesscoders.com\/en\/wp-json\/wp\/v2\/media?parent=771"}],"curies":[{"name":"wp","href":"https:\/\/api.w.org\/{rel}","templated":true}]}}